{"id":17,"date":"2021-06-17T14:53:19","date_gmt":"2021-06-17T14:53:19","guid":{"rendered":"http:\/\/madecortcocinas.es\/?page_id=17"},"modified":"2022-02-04T14:01:14","modified_gmt":"2022-02-04T14:01:14","slug":"contacto","status":"publish","type":"page","link":"https:\/\/madecortcocinas.es\/en\/contacto\/","title":{"rendered":"Contacto"},"content":{"rendered":"<p>[et_pb_section fb_built=\u00bb1&#8243; admin_label=\u00bbHeader Section\u00bb _builder_version=\u00bb3.22&#8243; use_background_color_gradient=\u00bbon\u00bb background_color_gradient_start=\u00bb#e9f0f6&#8243; background_color_gradient_end=\u00bbrgba(233,240,246,0.2)\u00bb background_color_gradient_overlays_image=\u00bbon\u00bb background_image=\u00bbhttp:\/\/madecortcocinas.es\/wp-content\/uploads\/2021\/06\/section-bg-6.jpg\u00bb custom_padding=\u00bb0.6%||21.2%|||\u00bb][et_pb_row custom_padding_last_edited=\u00bboff|desktop\u00bb admin_label=\u00bbHeader Row\u00bb _builder_version=\u00bb3.25&#8243; custom_margin=\u00bb|||\u00bb custom_padding=\u00bb|||\u00bb custom_padding_phone=\u00bb3vw|||\u00bb][et_pb_column type=\u00bb4_4&#8243; _builder_version=\u00bb3.25&#8243; custom_padding=\u00bb|||\u00bb custom_padding__hover=\u00bb|||\u00bb][et_pb_text admin_label=\u00bbHeading &#038; Subheading\u00bb _builder_version=\u00bb4.9.4&#8243; text_font=\u00bbMuli|600|||||||\u00bb text_font_size=\u00bb18px\u00bb text_line_height=\u00bb1.8em\u00bb header_font=\u00bbMuli|700|||||||\u00bb header_font_size=\u00bb65px\u00bb header_line_height=\u00bb1.4em\u00bb header_2_font=\u00bb||||||||\u00bb text_orientation=\u00bbcenter\u00bb max_width=\u00bb800px\u00bb max_width_last_edited=\u00bboff|desktop\u00bb module_alignment=\u00bbcenter\u00bb custom_margin=\u00bb|||\u00bb custom_padding=\u00bb|||\u00bb custom_padding_last_edited=\u00bboff|desktop\u00bb animation_style=\u00bbfade\u00bb]<\/p>\n<h1>Cont\u00e1ctanos<\/h1>\n<p class=\"font_8\">Si quieres hacernos alguna consulta no dudes en<span>\u00a0<\/span><span><a href=\"tel:956889250\">llamarnos<\/a><\/span><span>\u00a0<\/span>o escribirnos por<span>\u00a0<\/span><span><a href=\"mailto:madecort@hotmail.es?subject=Consulta%20web%20Madecort\" target=\"_self\" rel=\"noopener\">email<\/a><\/span>. Tambi\u00e9n puedes rellenar el formulario de esta p\u00e1gina y te responderemos en la mayor brevedad posible.<\/p>\n<p class=\"font_8\">\n<p class=\"font_8\">Adicionalmente te invitamos a que visites nuestra tienda en Pol\u00edgono Industrial Tres Caminos en donde podr\u00e1s ver nuestros productos en exhibici\u00f3n junto con una amplia gama de materiales, acabados y accesorios.<\/p>\n<p>[\/et_pb_text][\/et_pb_column][\/et_pb_row][\/et_pb_section][et_pb_section fb_built=\u00bb1&#8243; admin_label=\u00bbContact Section\u00bb _builder_version=\u00bb3.22&#8243; background_color=\u00bb#e9f0f6&#8243; custom_padding=\u00bb54px|0px|2px|0px||\u00bb][et_pb_row column_structure=\u00bb1_3,2_3&#8243; admin_label=\u00bbMessage Row\u00bb _builder_version=\u00bb3.25&#8243; custom_padding=\u00bb|||\u00bb][et_pb_column type=\u00bb1_3&#8243; _builder_version=\u00bb3.25&#8243; custom_padding=\u00bb|||\u00bb custom_padding__hover=\u00bb|||\u00bb][et_pb_text admin_label=\u00bbTitle\u00bb _builder_version=\u00bb4.9.4&#8243; text_font=\u00bbMuli|600|||||||\u00bb text_text_color=\u00bb#737373&#8243; text_font_size=\u00bb18px\u00bb header_font=\u00bb||||||||\u00bb header_2_font=\u00bbMuli|700|||||||\u00bb header_2_text_align=\u00bbleft\u00bb header_2_font_size=\u00bb50px\u00bb header_2_line_height=\u00bb1.4em\u00bb max_width_last_edited=\u00bboff|desktop\u00bb custom_margin=\u00bb|||\u00bb custom_padding=\u00bb|||\u00bb custom_padding_last_edited=\u00bboff|desktop\u00bb header_2_font_size_tablet=\u00bb\u00bb header_2_font_size_phone=\u00bb40px\u00bb header_2_font_size_last_edited=\u00bbon|phone\u00bb]<\/p>\n<h2>D\u00e9janos un mensaje<\/h2>\n<p>[\/et_pb_text][\/et_pb_column][et_pb_column type=\u00bb2_3&#8243; _builder_version=\u00bb3.25&#8243; custom_padding=\u00bb|||\u00bb custom_padding__hover=\u00bb|||\u00bb][et_pb_contact_form captcha=\u00bboff\u00bb email=\u00bbmadecort@hotmail.es\u00bb module_id=\u00bbet_pb_contact_form_0&#8243; _builder_version=\u00bb4.9.4&#8243; form_field_background_color=\u00bbrgba(26,26,26,0.08)\u00bb form_field_text_color=\u00bbrgba(0,0,0,0.6)\u00bb title_font=\u00bb||||||||\u00bb form_field_font=\u00bbMuli|600|||||||\u00bb form_field_font_size=\u00bb16px\u00bb custom_button=\u00bbon\u00bb button_text_size=\u00bb16px\u00bb button_text_color=\u00bb#ffffff\u00bb button_bg_color=\u00bb#f4583f\u00bb button_border_width=\u00bb10px\u00bb button_border_color=\u00bb#f4583f\u00bb button_border_radius=\u00bb0px\u00bb button_font=\u00bbMuli|700|||||||\u00bb button_use_icon=\u00bboff\u00bb hover_enabled=\u00bb0&#8243; form_background_color=\u00bbrgba(26,26,26,0.08)\u00bb sticky_enabled=\u00bb0&#8243;][et_pb_contact_field field_id=\u00bbNombre\u00bb field_title=\u00bbNombre\u00bb _builder_version=\u00bb4.9.4&#8243; button_text_size__hover_enabled=\u00bboff\u00bb button_one_text_size__hover_enabled=\u00bboff\u00bb button_two_text_size__hover_enabled=\u00bboff\u00bb button_text_color__hover_enabled=\u00bboff\u00bb button_one_text_color__hover_enabled=\u00bboff\u00bb button_two_text_color__hover_enabled=\u00bboff\u00bb button_border_width__hover_enabled=\u00bboff\u00bb button_one_border_width__hover_enabled=\u00bboff\u00bb button_two_border_width__hover_enabled=\u00bboff\u00bb button_border_color__hover_enabled=\u00bboff\u00bb button_one_border_color__hover_enabled=\u00bboff\u00bb button_two_border_color__hover_enabled=\u00bboff\u00bb button_border_radius__hover_enabled=\u00bboff\u00bb button_one_border_radius__hover_enabled=\u00bboff\u00bb button_two_border_radius__hover_enabled=\u00bboff\u00bb button_letter_spacing__hover_enabled=\u00bboff\u00bb button_one_letter_spacing__hover_enabled=\u00bboff\u00bb button_two_letter_spacing__hover_enabled=\u00bboff\u00bb button_bg_color__hover_enabled=\u00bboff\u00bb button_one_bg_color__hover_enabled=\u00bboff\u00bb button_two_bg_color__hover_enabled=\u00bboff\u00bb][\/et_pb_contact_field][et_pb_contact_field field_id=\u00bbEmail\u00bb field_title=\u00bbEmail\u00bb field_type=\u00bbemail\u00bb _builder_version=\u00bb4.9.4&#8243; button_text_size__hover_enabled=\u00bboff\u00bb button_one_text_size__hover_enabled=\u00bboff\u00bb button_two_text_size__hover_enabled=\u00bboff\u00bb button_text_color__hover_enabled=\u00bboff\u00bb button_one_text_color__hover_enabled=\u00bboff\u00bb button_two_text_color__hover_enabled=\u00bboff\u00bb button_border_width__hover_enabled=\u00bboff\u00bb button_one_border_width__hover_enabled=\u00bboff\u00bb button_two_border_width__hover_enabled=\u00bboff\u00bb button_border_color__hover_enabled=\u00bboff\u00bb button_one_border_color__hover_enabled=\u00bboff\u00bb button_two_border_color__hover_enabled=\u00bboff\u00bb button_border_radius__hover_enabled=\u00bboff\u00bb button_one_border_radius__hover_enabled=\u00bboff\u00bb button_two_border_radius__hover_enabled=\u00bboff\u00bb button_letter_spacing__hover_enabled=\u00bboff\u00bb button_one_letter_spacing__hover_enabled=\u00bboff\u00bb button_two_letter_spacing__hover_enabled=\u00bboff\u00bb button_bg_color__hover_enabled=\u00bboff\u00bb button_one_bg_color__hover_enabled=\u00bboff\u00bb button_two_bg_color__hover_enabled=\u00bboff\u00bb][\/et_pb_contact_field][et_pb_contact_field field_id=\u00bbTel\u00e9fono\u00bb field_title=\u00bbTel\u00e9fono\u00bb allowed_symbols=\u00bbnumbers\u00bb fullwidth_field=\u00bbon\u00bb _builder_version=\u00bb4.9.4&#8243; button_text_size__hover_enabled=\u00bboff\u00bb button_one_text_size__hover_enabled=\u00bboff\u00bb button_two_text_size__hover_enabled=\u00bboff\u00bb button_text_color__hover_enabled=\u00bboff\u00bb button_one_text_color__hover_enabled=\u00bboff\u00bb button_two_text_color__hover_enabled=\u00bboff\u00bb button_border_width__hover_enabled=\u00bboff\u00bb button_one_border_width__hover_enabled=\u00bboff\u00bb button_two_border_width__hover_enabled=\u00bboff\u00bb button_border_color__hover_enabled=\u00bboff\u00bb button_one_border_color__hover_enabled=\u00bboff\u00bb button_two_border_color__hover_enabled=\u00bboff\u00bb button_border_radius__hover_enabled=\u00bboff\u00bb button_one_border_radius__hover_enabled=\u00bboff\u00bb button_two_border_radius__hover_enabled=\u00bboff\u00bb button_letter_spacing__hover_enabled=\u00bboff\u00bb button_one_letter_spacing__hover_enabled=\u00bboff\u00bb button_two_letter_spacing__hover_enabled=\u00bboff\u00bb button_bg_color__hover_enabled=\u00bboff\u00bb button_one_bg_color__hover_enabled=\u00bboff\u00bb button_two_bg_color__hover_enabled=\u00bboff\u00bb][\/et_pb_contact_field][et_pb_contact_field field_id=\u00bbMensaje\u00bb field_title=\u00bbMensaje\u00bb field_type=\u00bbtext\u00bb fullwidth_field=\u00bbon\u00bb _builder_version=\u00bb4.9.4&#8243; button_text_size__hover_enabled=\u00bboff\u00bb button_one_text_size__hover_enabled=\u00bboff\u00bb button_two_text_size__hover_enabled=\u00bboff\u00bb button_text_color__hover_enabled=\u00bboff\u00bb button_one_text_color__hover_enabled=\u00bboff\u00bb button_two_text_color__hover_enabled=\u00bboff\u00bb button_border_width__hover_enabled=\u00bboff\u00bb button_one_border_width__hover_enabled=\u00bboff\u00bb button_two_border_width__hover_enabled=\u00bboff\u00bb button_border_color__hover_enabled=\u00bboff\u00bb button_one_border_color__hover_enabled=\u00bboff\u00bb button_two_border_color__hover_enabled=\u00bboff\u00bb button_border_radius__hover_enabled=\u00bboff\u00bb button_one_border_radius__hover_enabled=\u00bboff\u00bb button_two_border_radius__hover_enabled=\u00bboff\u00bb button_letter_spacing__hover_enabled=\u00bboff\u00bb button_one_letter_spacing__hover_enabled=\u00bboff\u00bb button_two_letter_spacing__hover_enabled=\u00bboff\u00bb button_bg_color__hover_enabled=\u00bboff\u00bb button_one_bg_color__hover_enabled=\u00bboff\u00bb button_two_bg_color__hover_enabled=\u00bboff\u00bb][\/et_pb_contact_field][\/et_pb_contact_form][\/et_pb_column][\/et_pb_row][et_pb_row column_structure=\u00bb1_4,1_4,1_4,1_4&#8243; _builder_version=\u00bb4.9.4&#8243; background_enable_color=\u00bboff\u00bb max_width=\u00bb1200px\u00bb module_alignment=\u00bbcenter\u00bb custom_margin=\u00bb6px|auto||auto||\u00bb custom_padding=\u00bb11px|60px||60px||true\u00bb animation_style=\u00bbslide\u00bb animation_direction=\u00bbbottom\u00bb animation_intensity_slide=\u00bb2%\u00bb animation_starting_opacity=\u00bb100%\u00bb use_custom_width=\u00bbon\u00bb custom_width_px=\u00bb1200px\u00bb custom_width_px__hover=\u00bb1080px\u00bb custom_width_px__hover_enabled=\u00bb1080px\u00bb custom_width_percent__hover=\u00bb80%\u00bb custom_width_percent__hover_enabled=\u00bb80%\u00bb locked=\u00bboff\u00bb make_fullwidth__hover=\u00bboff\u00bb make_fullwidth__hover_enabled=\u00bboff\u00bb use_custom_width__hover=\u00bboff\u00bb use_custom_width__hover_enabled=\u00bboff\u00bb width_unit__hover=\u00bbon\u00bb width_unit__hover_enabled=\u00bbon\u00bb use_custom_gutter__hover=\u00bboff\u00bb use_custom_gutter__hover_enabled=\u00bboff\u00bb gutter_width__hover=\u00bb3&#8243; gutter_width__hover_enabled=\u00bb3&#8243; make_equal__hover=\u00bboff\u00bb make_equal__hover_enabled=\u00bboff\u00bb max_width__hover=\u00bb1080px\u00bb max_width__hover_enabled=\u00bb1080px\u00bb][et_pb_column type=\u00bb1_4&#8243; _builder_version=\u00bb3.25&#8243; custom_padding=\u00bb|||\u00bb custom_padding__hover=\u00bb|||\u00bb][et_pb_blurb title=\u00bbLl\u00e1manos\u00bb image=\u00bbhttp:\/\/madecortcocinas.es\/wp-content\/uploads\/2021\/06\/furniture-icon-14.png\u00bb _builder_version=\u00bb4.9.4&#8243; header_font=\u00bbMontserrat|600||on|||||\u00bb header_text_color=\u00bbrgba(0,0,0,0.23)\u00bb header_font_size=\u00bb12px\u00bb header_letter_spacing=\u00bb1px\u00bb header_line_height=\u00bb1.8em\u00bb body_font=\u00bbMontserrat|600||on|||||\u00bb body_text_color=\u00bb#000000&#8243; body_font_size=\u00bb12px\u00bb body_letter_spacing=\u00bb1px\u00bb body_line_height=\u00bb1.8em\u00bb body_link_text_color=\u00bb#000000&#8243; text_orientation=\u00bbcenter\u00bb animation=\u00bboff\u00bb locked=\u00bboff\u00bb header_font_size__hover=\u00bb22px\u00bb header_font_size__hover_enabled=\u00bb22px\u00bb header_letter_spacing__hover=\u00bb0px\u00bb header_letter_spacing__hover_enabled=\u00bb0px\u00bb header_line_height__hover=\u00bb1em\u00bb header_line_height__hover_enabled=\u00bb1em\u00bb header_text_shadow_style__hover=\u00bbnone\u00bb header_text_shadow_style__hover_enabled=\u00bbnone\u00bb header_text_shadow_color__hover=\u00bbrgba(0,0,0,0.4)\u00bb header_text_shadow_color__hover_enabled=\u00bbrgba(0,0,0,0.4)\u00bb max_width__hover=\u00bb100%\u00bb max_width__hover_enabled=\u00bb100%\u00bb]<\/p>\n<p><strong>Tlf.<\/strong>: <a href=\"tel:956889250\">956 889 250<\/a><br \/><strong>M\u00f3vil<\/strong>: <a href=\"tel:687878914\">687 878 914<\/a><\/p>\n<p>[\/et_pb_blurb][\/et_pb_column][et_pb_column type=\u00bb1_4&#8243; _builder_version=\u00bb3.25&#8243; custom_padding=\u00bb|||\u00bb custom_padding__hover=\u00bb|||\u00bb][et_pb_blurb title=\u00bbEmail\u00bb image=\u00bbhttp:\/\/madecortcocinas.es\/wp-content\/uploads\/2021\/06\/furniture-icon-15.png\u00bb _builder_version=\u00bb4.9.4&#8243; header_font=\u00bbMontserrat|600||on|||||\u00bb header_text_color=\u00bbrgba(0,0,0,0.23)\u00bb header_font_size=\u00bb12px\u00bb header_letter_spacing=\u00bb1px\u00bb header_line_height=\u00bb1.8em\u00bb body_font=\u00bbMontserrat|600||on|||||\u00bb body_text_color=\u00bb#000000&#8243; body_font_size=\u00bb12px\u00bb body_letter_spacing=\u00bb1px\u00bb body_line_height=\u00bb1.8em\u00bb body_link_text_color=\u00bb#000000&#8243; text_orientation=\u00bbcenter\u00bb animation=\u00bboff\u00bb locked=\u00bboff\u00bb header_font_size__hover=\u00bb22px\u00bb header_font_size__hover_enabled=\u00bb22px\u00bb header_letter_spacing__hover=\u00bb0px\u00bb header_letter_spacing__hover_enabled=\u00bb0px\u00bb header_line_height__hover=\u00bb1em\u00bb header_line_height__hover_enabled=\u00bb1em\u00bb header_text_shadow_style__hover=\u00bbnone\u00bb header_text_shadow_style__hover_enabled=\u00bbnone\u00bb header_text_shadow_color__hover=\u00bbrgba(0,0,0,0.4)\u00bb header_text_shadow_color__hover_enabled=\u00bbrgba(0,0,0,0.4)\u00bb max_width__hover=\u00bb100%\u00bb max_width__hover_enabled=\u00bb100%\u00bb]<\/p>\n<p><a href=\"mailto:madecort@hotmail.es\">madecort@hotmail.es<\/a><\/p>\n<p>[\/et_pb_blurb][\/et_pb_column][et_pb_column type=\u00bb1_4&#8243; _builder_version=\u00bb3.25&#8243; custom_padding=\u00bb|||\u00bb custom_padding__hover=\u00bb|||\u00bb][et_pb_blurb title=\u00bbHorarios\u00bb image=\u00bbhttp:\/\/madecortcocinas.es\/wp-content\/uploads\/2021\/06\/furniture-icon-16.png\u00bb _builder_version=\u00bb4.9.4&#8243; header_font=\u00bbMontserrat|600||on|||||\u00bb header_text_color=\u00bbrgba(0,0,0,0.23)\u00bb header_font_size=\u00bb12px\u00bb header_letter_spacing=\u00bb1px\u00bb header_line_height=\u00bb1.8em\u00bb body_font=\u00bbMontserrat|600||on|||||\u00bb body_text_color=\u00bb#000000&#8243; body_font_size=\u00bb12px\u00bb body_letter_spacing=\u00bb1px\u00bb body_line_height=\u00bb1.8em\u00bb text_orientation=\u00bbcenter\u00bb animation=\u00bboff\u00bb locked=\u00bboff\u00bb header_font_size__hover=\u00bb22px\u00bb header_font_size__hover_enabled=\u00bb22px\u00bb header_letter_spacing__hover=\u00bb0px\u00bb header_letter_spacing__hover_enabled=\u00bb0px\u00bb header_line_height__hover=\u00bb1em\u00bb header_line_height__hover_enabled=\u00bb1em\u00bb header_text_shadow_style__hover=\u00bbnone\u00bb header_text_shadow_style__hover_enabled=\u00bbnone\u00bb header_text_shadow_color__hover=\u00bbrgba(0,0,0,0.4)\u00bb header_text_shadow_color__hover_enabled=\u00bbrgba(0,0,0,0.4)\u00bb max_width__hover=\u00bb100%\u00bb max_width__hover_enabled=\u00bb100%\u00bb]<\/p>\n<p><strong>Ma\u00f1anas<\/strong> de lunes a viernes de 10:00 a 14:00 <strong>Tardes<\/strong> de 17:00a 20:30<\/p>\n<p>[\/et_pb_blurb][\/et_pb_column][et_pb_column type=\u00bb1_4&#8243; _builder_version=\u00bb3.25&#8243; custom_padding=\u00bb|||\u00bb custom_padding__hover=\u00bb|||\u00bb][et_pb_blurb title=\u00bbVis\u00edtanos\u00bb image=\u00bbhttp:\/\/madecortcocinas.es\/wp-content\/uploads\/2021\/06\/furniture-icon-17.png\u00bb _builder_version=\u00bb4.9.4&#8243; header_font=\u00bbMontserrat|600||on|||||\u00bb header_text_color=\u00bbrgba(0,0,0,0.23)\u00bb header_font_size=\u00bb12px\u00bb header_letter_spacing=\u00bb1px\u00bb header_line_height=\u00bb1.8em\u00bb body_font=\u00bbMontserrat|600||on|||||\u00bb body_text_color=\u00bb#000000&#8243; body_font_size=\u00bb12px\u00bb body_letter_spacing=\u00bb1px\u00bb body_line_height=\u00bb1.8em\u00bb text_orientation=\u00bbcenter\u00bb animation=\u00bboff\u00bb locked=\u00bboff\u00bb header_font_size__hover=\u00bb22px\u00bb header_font_size__hover_enabled=\u00bb22px\u00bb header_letter_spacing__hover=\u00bb0px\u00bb header_letter_spacing__hover_enabled=\u00bb0px\u00bb header_line_height__hover=\u00bb1em\u00bb header_line_height__hover_enabled=\u00bb1em\u00bb header_text_shadow_style__hover=\u00bbnone\u00bb header_text_shadow_style__hover_enabled=\u00bbnone\u00bb header_text_shadow_color__hover=\u00bbrgba(0,0,0,0.4)\u00bb header_text_shadow_color__hover_enabled=\u00bbrgba(0,0,0,0.4)\u00bb max_width__hover=\u00bb100%\u00bb max_width__hover_enabled=\u00bb100%\u00bb]<\/p>\n<p>Pol. Industrial Tres Caminos C\/ Mojarra, 10. 11510 Puerto Real (Cadiz)<\/p>\n<p>[\/et_pb_blurb][\/et_pb_column][\/et_pb_row][\/et_pb_section][et_pb_section fb_built=\u00bb1&#8243; admin_label=\u00bbMap Section\u00bb _builder_version=\u00bb3.22&#8243; background_color=\u00bb#e9f0f6&#8243; custom_padding=\u00bb100px|0px|57px|0px||\u00bb][et_pb_row admin_label=\u00bbMap Row\u00bb _builder_version=\u00bb3.25&#8243; custom_margin=\u00bb|||\u00bb custom_margin_last_edited=\u00bboff|desktop\u00bb custom_padding=\u00bb|||\u00bb][et_pb_column type=\u00bb4_4&#8243; _builder_version=\u00bb3.25&#8243; custom_padding=\u00bb|||\u00bb custom_padding__hover=\u00bb|||\u00bb][et_pb_text admin_label=\u00bbTitle\u00bb _builder_version=\u00bb4.9.4&#8243; text_font=\u00bbMuli|600|||||||\u00bb text_font_size=\u00bb18px\u00bb text_line_height=\u00bb1.8em\u00bb header_font=\u00bb||||||||\u00bb header_2_font=\u00bbMuli|700|||||||\u00bb header_2_font_size=\u00bb50px\u00bb header_2_line_height=\u00bb1.4em\u00bb text_orientation=\u00bbcenter\u00bb max_width=\u00bb800px\u00bb max_width_last_edited=\u00bboff|desktop\u00bb module_alignment=\u00bbcenter\u00bb custom_margin=\u00bb|||\u00bb custom_padding=\u00bb|||\u00bb custom_padding_last_edited=\u00bboff|desktop\u00bb header_2_font_size_tablet=\u00bb\u00bb header_2_font_size_phone=\u00bb40px\u00bb header_2_font_size_last_edited=\u00bbon|phone\u00bb]<\/p>\n<h2>Vis\u00edtanos<\/h2>\n<p>[\/et_pb_text][et_pb_code _builder_version=\u00bb4.9.4&#8243; _module_preset=\u00bbdefault\u00bb]<iframe src=\"https:\/\/www.google.com\/maps\/embed?pb=!1m18!1m12!1m3!1d2268.7597595449756!2d-6.175117498310513!3d36.469376457731514!2m3!1f0!2f0!3f0!3m2!1i1024!2i768!4f13.1!3m3!1m2!1s0xd0dccc068676179%3A0x88937dcf5b37ff2!2sMadecort%20-%20Puertas%20%26%20Armarios!5e0!3m2!1ses!2sve!4v1623949112572!5m2!1ses!2sve\" width=\"3000\" height=\"450\" style=\"border:0;\" allowfullscreen=\"\" loading=\"lazy\"><\/iframe>[\/et_pb_code][\/et_pb_column][\/et_pb_row][\/et_pb_section]<\/p>\n","protected":false},"excerpt":{"rendered":"<p>[et_pb_section fb_built=\u00bb1&#8243; admin_label=\u00bbHeader Section\u00bb _builder_version=\u00bb3.22&#8243; use_background_color_gradient=\u00bbon\u00bb background_color_gradient_start=\u00bb#e9f0f6&#8243; background_color_gradient_end=\u00bbrgba(233,240,246,0.2)\u00bb background_color_gradient_overlays_image=\u00bbon\u00bb background_image=\u00bbhttp:\/\/madecortcocinas.es\/wp-content\/uploads\/2021\/06\/section-bg-6.jpg\u00bb custom_padding=\u00bb0.6%||21.2%|||\u00bb][et_pb_row custom_padding_last_edited=\u00bboff|desktop\u00bb admin_label=\u00bbHeader Row\u00bb _builder_version=\u00bb3.25&#8243; custom_margin=\u00bb|||\u00bb custom_padding=\u00bb|||\u00bb custom_padding_phone=\u00bb3vw|||\u00bb][et_pb_column type=\u00bb4_4&#8243; _builder_version=\u00bb3.25&#8243; custom_padding=\u00bb|||\u00bb custom_padding__hover=\u00bb|||\u00bb][et_pb_text admin_label=\u00bbHeading &#038; Subheading\u00bb _builder_version=\u00bb4.9.4&#8243; text_font=\u00bbMuli|600|||||||\u00bb text_font_size=\u00bb18px\u00bb text_line_height=\u00bb1.8em\u00bb header_font=\u00bbMuli|700|||||||\u00bb header_font_size=\u00bb65px\u00bb header_line_height=\u00bb1.4em\u00bb header_2_font=\u00bb||||||||\u00bb text_orientation=\u00bbcenter\u00bb max_width=\u00bb800px\u00bb max_width_last_edited=\u00bboff|desktop\u00bb module_alignment=\u00bbcenter\u00bb custom_margin=\u00bb|||\u00bb custom_padding=\u00bb|||\u00bb custom_padding_last_edited=\u00bboff|desktop\u00bb animation_style=\u00bbfade\u00bb] Cont\u00e1ctanos Si quieres hacernos alguna consulta no dudes en\u00a0llamarnos\u00a0o escribirnos por\u00a0email. Tambi\u00e9n puedes rellenar [&hellip;]<\/p>\n","protected":false},"author":1,"featured_media":0,"parent":0,"menu_order":0,"comment_status":"closed","ping_status":"closed","template":"","meta":{"_et_pb_use_builder":"on","_et_pb_old_content":"<!-- wp:divi\/placeholder \/-->","_et_gb_content_width":"","footnotes":""},"class_list":["post-17","page","type-page","status-publish","hentry"],"_links":{"self":[{"href":"https:\/\/madecortcocinas.es\/en\/wp-json\/wp\/v2\/pages\/17","targetHints":{"allow":["GET"]}}],"collection":[{"href":"https:\/\/madecortcocinas.es\/en\/wp-json\/wp\/v2\/pages"}],"about":[{"href":"https:\/\/madecortcocinas.es\/en\/wp-json\/wp\/v2\/types\/page"}],"author":[{"embeddable":true,"href":"https:\/\/madecortcocinas.es\/en\/wp-json\/wp\/v2\/users\/1"}],"replies":[{"embeddable":true,"href":"https:\/\/madecortcocinas.es\/en\/wp-json\/wp\/v2\/comments?post=17"}],"version-history":[{"count":9,"href":"https:\/\/madecortcocinas.es\/en\/wp-json\/wp\/v2\/pages\/17\/revisions"}],"predecessor-version":[{"id":713,"href":"https:\/\/madecortcocinas.es\/en\/wp-json\/wp\/v2\/pages\/17\/revisions\/713"}],"wp:attachment":[{"href":"https:\/\/madecortcocinas.es\/en\/wp-json\/wp\/v2\/media?parent=17"}],"curies":[{"name":"wp","href":"https:\/\/api.w.org\/{rel}","templated":true}]}}