{"id":28,"date":"2021-06-17T14:56:18","date_gmt":"2021-06-17T14:56:18","guid":{"rendered":"http:\/\/madecortcocinas.es\/?page_id=28"},"modified":"2021-06-29T13:33:13","modified_gmt":"2021-06-29T13:33:13","slug":"politica-de-cookies","status":"publish","type":"page","link":"https:\/\/madecortcocinas.es\/en\/politica-de-cookies\/","title":{"rendered":"Pol\u00edtica de Cookies"},"content":{"rendered":"<p>[et_pb_section fb_built=\u00bb1&#8243; _builder_version=\u00bb4.9.4&#8243; _module_preset=\u00bbdefault\u00bb][et_pb_row _builder_version=\u00bb4.9.4&#8243; _module_preset=\u00bbdefault\u00bb locked=\u00bboff\u00bb][et_pb_column _builder_version=\u00bb4.9.4&#8243; _module_preset=\u00bbdefault\u00bb type=\u00bb4_4&#8243;][et_pb_text _builder_version=\u00bb4.9.4&#8243; _module_preset=\u00bbdefault\u00bb hover_enabled=\u00bb0&#8243; sticky_enabled=\u00bb0&#8243;]<\/p>\n<h1>Pol\u00edtica de Cookies<\/h1>\n<p>\u00bfQU\u00c9 SON LAS <em>COOKIES<\/em>?<\/p>\n<p>&nbsp;<\/p>\n<p>Una cookie es un fichero que se descarga en su ordenador al acceder a determinadas p\u00e1ginas web. Las cookies permiten a una p\u00e1gina web, entre otras cosas, almacenar y recuperar informaci\u00f3n sobre los h\u00e1bitos de navegaci\u00f3n de un usuario o de su equipo y, dependiendo de la informaci\u00f3n que contengan y de la forma en que utilice su equipo, pueden utilizarse para reconocer al usuario.<\/p>\n<p>&nbsp;<\/p>\n<p>\u00bfQU\u00c9 TIPO DE COOKIES UTILIZA ESTA WEB?<\/p>\n<p>&nbsp;<\/p>\n<p>Nuestra p\u00e1gina web utiliza cookies para almacenar la siguiente informaci\u00f3n:<\/p>\n<p>&nbsp;<\/p>\n<p>Quitar o A\u00f1adir lo que corresponda<\/p>\n<p>&nbsp;<\/p>\n<ul>\n<li><strong>Cookies de an\u00e1lisis<\/strong>: Son aqu\u00e9llas que bien tratadas por nosotros o por terceros, nos permiten cuantificar el n\u00famero de usuarios y as\u00ed realizar la medici\u00f3n y an\u00e1lisis estad\u00edstico de la utilizaci\u00f3n que hacen los usuarios del servicio ofertado. Para ello se analiza su navegaci\u00f3n en nuestra p\u00e1gina web con el fin de mejorar la oferta de productos o servicios que le ofrecemos.<\/li>\n<li><strong>Cookies publicitarias<\/strong>: Son aqu\u00e9llas que, bien tratadas por nosotros o por terceros, nos permiten gestionar de la forma m\u00e1s eficaz posible la oferta de los espacios publicitarios que hay en la p\u00e1gina web, adecuando el contenido del anuncio al contenido del servicio solicitado o al uso que realice de nuestra p\u00e1gina web. Para ello podemos analizar sus h\u00e1bitos de navegaci\u00f3n en Internet y podemos mostrarle publicidad relacionada con su perfil de navegaci\u00f3n.<\/li>\n<li><strong>Cookies t\u00e9cnicas<\/strong>: Son aqu\u00e9llas que permiten al usuario la navegaci\u00f3n a trav\u00e9s de una p\u00e1gina web, plataforma o aplicaci\u00f3n y la utilizaci\u00f3n de las diferentes opciones o servicios que en ella existan como, por ejemplo, controlar el tr\u00e1fico y la comunicaci\u00f3n de datos, identificar la sesi\u00f3n, acceder a partes de acceso restringido, recordar los elementos que integran un pedido, realizar el proceso de compra de un pedido, realizar la solicitud de inscripci\u00f3n o participaci\u00f3n en un evento, utilizar elementos de seguridad durante la navegaci\u00f3n, almacenar contenidos para la difusi\u00f3n de videos o sonido o compartir contenidos a trav\u00e9s de redes sociales.<\/li>\n<li><strong>Cookies de personalizaci\u00f3n<\/strong>: Son aqu\u00e9llas que permiten al usuario acceder al servicio con algunas caracter\u00edsticas de car\u00e1cter general predefinidas en funci\u00f3n de una serie de criterios en el terminal del usuario como por ejemplo serian el idioma, el tipo de navegador a trav\u00e9s del cual accede al servicio, la configuraci\u00f3n regional desde donde accede al servicio, etc.<\/li>\n<li><strong>Cookies de publicidad comportamental<\/strong>: Son aqu\u00e9llas que permiten la gesti\u00f3n, de la forma m\u00e1s eficaz posible, de los espacios publicitarios que, en su caso, el editor haya incluido en una p\u00e1gina web, aplicaci\u00f3n o plataforma desde la que presta el servicio solicitado. Estas cookies almacenan informaci\u00f3n del comportamiento de los usuarios obtenida a trav\u00e9s de la observaci\u00f3n continuada de sus h\u00e1bitos de navegaci\u00f3n, lo que permite desarrollar un perfil espec\u00edfico para mostrar publicidad en funci\u00f3n del mismo.<\/li>\n<li><strong>Cookies de redes sociales externas<\/strong>: se utilizan para que los visitantes puedan interactuar con el contenido de diferentes plataformas sociales (facebook, youtube, twitter, linkedIn, etc.) y que se generen \u00fanicamente para los usuarios de dichas redes sociales. Las condiciones de utilizaci\u00f3n de estas cookies y la informaci\u00f3n recopilada se regula por la pol\u00edtica de privacidad de la plataforma social correspondiente.<\/li>\n<\/ul>\n<p>&nbsp;<\/p>\n<p>A continuaci\u00f3n se identifican cu\u00e1les son las cookies que se est\u00e1n instalando o utilizando, analizando si son cookies propias o de terceros, de sesi\u00f3n o permanentes:<\/p>\n<p><span>\u00a0<\/span><\/p>\n<p>(Cumplimentar el siguiente cuadro)<\/p>\n<table width=\"100%\">\n<tbody>\n<tr>\n<td width=\"20%\"><strong>COOKIES<\/strong><\/td>\n<td width=\"30%\"><strong>FINALIDAD<\/strong><\/td>\n<td width=\"25%\"><strong>PROPIAS\/DE TERCEROS<\/strong><\/td>\n<td width=\"21%\"><strong>FECHA DE CADUCIDAD\/SESI\u00d3N\/PERMANENTE<\/strong><\/td>\n<\/tr>\n<tr>\n<td width=\"20%\"><\/td>\n<td width=\"30%\">\u00a0<\/td>\n<td width=\"25%\">\u00a0<\/td>\n<td width=\"21%\"><\/td>\n<\/tr>\n<tr>\n<td width=\"20%\"><\/td>\n<td width=\"30%\">\u00a0<\/td>\n<td width=\"25%\">\u00a0<\/td>\n<td width=\"21%\"><\/td>\n<\/tr>\n<tr>\n<td width=\"20%\"><\/td>\n<td width=\"30%\">\u00a0<\/td>\n<td width=\"25%\">\u00a0<\/td>\n<td width=\"21%\"><\/td>\n<\/tr>\n<tr>\n<td width=\"20%\"><\/td>\n<td width=\"30%\">\u00a0<\/td>\n<td width=\"25%\">\u00a0<\/td>\n<td width=\"21%\"><\/td>\n<\/tr>\n<tr>\n<td width=\"20%\"><\/td>\n<td width=\"30%\">\u00a0<\/td>\n<td width=\"25%\">\u00a0<\/td>\n<td width=\"21%\"><\/td>\n<\/tr>\n<tr>\n<td width=\"20%\"><\/td>\n<td width=\"30%\">\u00a0<\/td>\n<td width=\"25%\">\u00a0<\/td>\n<td width=\"21%\"><\/td>\n<\/tr>\n<tr>\n<td width=\"20%\"><\/td>\n<td width=\"30%\">\u00a0<\/td>\n<td width=\"25%\">\u00a0<\/td>\n<td width=\"21%\"><\/td>\n<\/tr>\n<tr>\n<td width=\"20%\"><\/td>\n<td width=\"30%\">\u00a0<\/td>\n<td width=\"25%\">\u00a0<\/td>\n<td width=\"21%\"><\/td>\n<\/tr>\n<\/tbody>\n<\/table>\n<p><span>\u00a0<\/span><\/p>\n<p>&nbsp;<\/p>\n<p>\u00bfQUI\u00c9N UTILIZA LAS COOKIES?<\/p>\n<p>&nbsp;<\/p>\n<p>La informaci\u00f3n obtenida por las cookies es tratada por NYTELCOM TELECOMUNICACIONES, S.L. y tambi\u00e9n por terceros con los que tenemos contratado la prestaci\u00f3n de un servicio para el cual se requiera el uso de cookies. Estos son:<\/p>\n<p>&nbsp;<\/p>\n<p>A\u00f1adir o Quitar lo que corresponda<\/p>\n<p>&nbsp;<\/p>\n<ul>\n<li>GOOGLE ANALYTICS es la herramienta de anal\u00edtica que ayuda a los sitios web y a los propietarios de aplicaciones a entender el modo en que sus visitantes interact\u00faan con sus propiedades. Puede utilizar un conjunto de cookies para recopilar informaci\u00f3n e informar de las estad\u00edsticas de uso de los sitios web sin identificar personalmente a los visitantes de Google. Algunos de los datos almacenados para posteriores an\u00e1lisis son: el n\u00famero de veces que el usuario ha visitado el sitio web, fechas de la primera y la \u00faltima visita del usuario, duraci\u00f3n de las visitas, p\u00e1gina desde la que el usuario ha accedido al sitio web, motor de b\u00fasqueda que el usuario ha usado para llegar al sitio web o v\u00ednculo que ha seleccionado, lugar del mundo desde el que accede el usuario, etc. La configuraci\u00f3n de estas cookies est\u00e1 predeterminada por el servicio que ofrece Google, motivo por el cual le sugerimos que consulte la p\u00e1gina de privacidad de Google Analytics (entendi\u00e9ndose que no somos responsables del contenido o la veracidad de los sitios web de terceros). M\u00e1s informaci\u00f3n sobre <strong>las cookies de Google Analytics e Informaci\u00f3n sobre la privacidad.(Insertar el siguiente enlace <\/strong><span><a href=\"https:\/\/developers.google.com\/analytics\/devguides\/collection\/analyticsjs\/cookie-usage\"><strong>https:\/\/developers.google.com\/analytics\/devguides\/collection\/analyticsjs\/cookie-usage<\/strong><\/a><\/span><strong>)<\/strong><\/li>\n<li>PAYPAL: Estas cookies permiten recopilar informaci\u00f3n en el equipo desde el cual se realiza la compra en este sitio web con el fin de verificar que estas operaciones ofrecen suficientes garant\u00edas para los clientes. En ning\u00fan momento incluyen informaci\u00f3n sensible como, por ejemplo, datos de la tarjeta de cr\u00e9dito.<\/li>\n<\/ul>\n<p>&nbsp;<\/p>\n<p>C\u00d3MO MODIFICAR LA CONFIGURACI\u00d3N DE LAS COOKIES<\/p>\n<p>&nbsp;<\/p>\n<p>Puede usted permitir, bloquear o eliminar las cookies instaladas en su equipo mediante la configuraci\u00f3n de las opciones del navegador instalado en su ordenador. En cada navegador la operativa es diferente, la funci\u00f3n de \u201cAyuda\u00bb le mostrar\u00e1 c\u00f3mo hacerlo.<\/p>\n<p>&nbsp;<\/p>\n<ul>\n<li><strong>Internet Explorer<\/strong> <strong>o Microsoft Edge<\/strong>: <span><a href=\"http:\/\/windows.microsoft.com\/es-es\/windows-vista\/Block-or-allow-cookies\">http:\/\/windows.microsoft.com\/es-es\/windows-vista\/Block-or-allow-cookies<\/a><\/span><\/li>\n<li><strong>Mozilla FireFox<\/strong>: <span><a href=\"http:\/\/support.mozilla.org\/es\/kb\/impedir-que-los-sitios-web-guarden-sus-preferencia\">http:\/\/support.mozilla.org\/es\/kb\/impedir-que-los-sitios-web-guarden-sus-preferencia<\/a><\/span><\/li>\n<li><strong>Chrome<\/strong>: <span><a href=\"https:\/\/support.google.com\/accounts\/answer\/61416?hl=e\">https:\/\/support.google.com\/accounts\/answer\/61416?hl=e<\/a><\/span><\/li>\n<li><strong>Safari<\/strong>: <span><a href=\"http:\/\/safari.helpmax.net\/es\/privacidad-y-seguridad\/como-gestionar-las-cookies\/\">http:\/\/safari.helpmax.net\/es\/privacidad-y-seguridad\/como-gestionar-las-cookies\/<\/a><\/span><\/li>\n<li><strong>Opera<\/strong>: <span><a href=\"http:\/\/help.opera.com\/Linux\/10.60\/es-ES\/cookies.html\">http:\/\/help.opera.com\/Linux\/10.60\/es-ES\/cookies.html<\/a><\/span><\/li>\n<\/ul>\n<p>&nbsp;<\/p>\n<p>Adem\u00e1s, tambi\u00e9n puede gestionar el almac\u00e9n de cookies en su navegador a trav\u00e9s de herramientas como las siguientes:<\/p>\n<p>&nbsp;<\/p>\n<ul>\n<li><strong>Ghostery<\/strong>: www.ghostery.com\/<\/li>\n<li><strong>Your online choices<\/strong>: www.youronlinechoices.com\/es\/<\/li>\n<\/ul>\n<p><strong>\u00a0<\/strong><\/p>\n<p>&nbsp;<\/p>\n<p>Actualizado Junio 2020<\/p>\n<p>[\/et_pb_text][\/et_pb_column][\/et_pb_row][\/et_pb_section]<\/p>\n","protected":false},"excerpt":{"rendered":"<p>[et_pb_section fb_built=\u00bb1&#8243; _builder_version=\u00bb4.9.4&#8243; _module_preset=\u00bbdefault\u00bb][et_pb_row _builder_version=\u00bb4.9.4&#8243; _module_preset=\u00bbdefault\u00bb locked=\u00bboff\u00bb][et_pb_column _builder_version=\u00bb4.9.4&#8243; _module_preset=\u00bbdefault\u00bb type=\u00bb4_4&#8243;][et_pb_text _builder_version=\u00bb4.9.4&#8243; _module_preset=\u00bbdefault\u00bb hover_enabled=\u00bb0&#8243; sticky_enabled=\u00bb0&#8243;] Pol\u00edtica de Cookies \u00bfQU\u00c9 SON LAS COOKIES? &nbsp; Una cookie es un fichero que se descarga en su ordenador al acceder a determinadas p\u00e1ginas web. Las cookies permiten a una p\u00e1gina web, entre otras cosas, almacenar y recuperar informaci\u00f3n sobre los [&hellip;]<\/p>\n","protected":false},"author":1,"featured_media":0,"parent":0,"menu_order":0,"comment_status":"closed","ping_status":"closed","template":"","meta":{"_et_pb_use_builder":"on","_et_pb_old_content":"<!-- wp:divi\/placeholder \/-->","_et_gb_content_width":"","footnotes":""},"class_list":["post-28","page","type-page","status-publish","hentry"],"_links":{"self":[{"href":"https:\/\/madecortcocinas.es\/en\/wp-json\/wp\/v2\/pages\/28","targetHints":{"allow":["GET"]}}],"collection":[{"href":"https:\/\/madecortcocinas.es\/en\/wp-json\/wp\/v2\/pages"}],"about":[{"href":"https:\/\/madecortcocinas.es\/en\/wp-json\/wp\/v2\/types\/page"}],"author":[{"embeddable":true,"href":"https:\/\/madecortcocinas.es\/en\/wp-json\/wp\/v2\/users\/1"}],"replies":[{"embeddable":true,"href":"https:\/\/madecortcocinas.es\/en\/wp-json\/wp\/v2\/comments?post=28"}],"version-history":[{"count":3,"href":"https:\/\/madecortcocinas.es\/en\/wp-json\/wp\/v2\/pages\/28\/revisions"}],"predecessor-version":[{"id":393,"href":"https:\/\/madecortcocinas.es\/en\/wp-json\/wp\/v2\/pages\/28\/revisions\/393"}],"wp:attachment":[{"href":"https:\/\/madecortcocinas.es\/en\/wp-json\/wp\/v2\/media?parent=28"}],"curies":[{"name":"wp","href":"https:\/\/api.w.org\/{rel}","templated":true}]}}